{"id":479,"date":"2024-10-10T14:21:21","date_gmt":"2024-10-10T12:21:21","guid":{"rendered":"https:\/\/hotelanderrebe.tourismusschulen-retz.at\/?page_id=479"},"modified":"2025-12-11T14:25:03","modified_gmt":"2025-12-11T13:25:03","slug":"team","status":"publish","type":"page","link":"https:\/\/hotelanderrebe.tourismusschulen-retz.at\/?page_id=479","title":{"rendered":"Hotel &#038; Spa Elements"},"content":{"rendered":"\n<p>Unser Team der \u00dcbungsfirma Hotel &amp; Spa Elements!<\/p>\n\n\n\n<figure class=\"wp-block-image size-large\"><img decoding=\"async\" loading=\"lazy\" width=\"1024\" height=\"768\" src=\"https:\/\/hotelanderrebe.tourismusschulen-retz.at\/wp-content\/uploads\/2025\/11\/251016-132616-IMGP9283-1-1024x768.jpg\" alt=\"\" class=\"wp-image-702\" srcset=\"https:\/\/hotelanderrebe.tourismusschulen-retz.at\/wp-content\/uploads\/2025\/11\/251016-132616-IMGP9283-1-1024x768.jpg 1024w, https:\/\/hotelanderrebe.tourismusschulen-retz.at\/wp-content\/uploads\/2025\/11\/251016-132616-IMGP9283-1-300x225.jpg 300w, https:\/\/hotelanderrebe.tourismusschulen-retz.at\/wp-content\/uploads\/2025\/11\/251016-132616-IMGP9283-1-768x576.jpg 768w, https:\/\/hotelanderrebe.tourismusschulen-retz.at\/wp-content\/uploads\/2025\/11\/251016-132616-IMGP9283-1-1536x1152.jpg 1536w, https:\/\/hotelanderrebe.tourismusschulen-retz.at\/wp-content\/uploads\/2025\/11\/251016-132616-IMGP9283-1.jpg 1920w\" sizes=\"(max-width: 767px) 89vw, (max-width: 1000px) 54vw, (max-width: 1071px) 543px, 580px\" \/><\/figure>\n\n\n\n<div class=\"is-layout-flex wp-container-1 wp-block-buttons\"><\/div>\n\n\n\n<hr class=\"wp-block-separator has-text-color has-black-color has-alpha-channel-opacity has-black-background-color has-background is-style-wide\"\/>\n\n\n\n<p class=\"has-text-align-center has-large-font-size\" style=\"font-style:normal;font-weight:500;letter-spacing:5px;text-transform:none\"><strong>Gesch\u00e4ftsf\u00fchrung<\/strong><\/p>\n\n\n\n<figure class=\"is-layout-flex wp-block-gallery-2 wp-block-gallery has-nested-images columns-default is-cropped\">\n<figure class=\"wp-block-image size-large\"><img decoding=\"async\" loading=\"lazy\" width=\"768\" height=\"1024\" data-id=\"703\"  src=\"https:\/\/hotelanderrebe.tourismusschulen-retz.at\/wp-content\/uploads\/2025\/11\/Image-6-768x1024.jpeg\" alt=\"\" class=\"wp-image-703\" srcset=\"https:\/\/hotelanderrebe.tourismusschulen-retz.at\/wp-content\/uploads\/2025\/11\/Image-6-768x1024.jpeg 768w, https:\/\/hotelanderrebe.tourismusschulen-retz.at\/wp-content\/uploads\/2025\/11\/Image-6-225x300.jpeg 225w, https:\/\/hotelanderrebe.tourismusschulen-retz.at\/wp-content\/uploads\/2025\/11\/Image-6-1152x1536.jpeg 1152w, https:\/\/hotelanderrebe.tourismusschulen-retz.at\/wp-content\/uploads\/2025\/11\/Image-6-1536x2048.jpeg 1536w, https:\/\/hotelanderrebe.tourismusschulen-retz.at\/wp-content\/uploads\/2025\/11\/Image-6-scaled.jpeg 1920w\" sizes=\"(max-width: 767px) 89vw, (max-width: 1000px) 54vw, (max-width: 1071px) 543px, 580px\" \/><figcaption class=\"wp-element-caption\">Gesch\u00e4ftsf\u00fchrerin Valerie Mannov\u00e1<\/figcaption><\/figure>\n<\/figure>\n\n\n\n<div class=\"is-layout-flex wp-container-4 wp-block-buttons\"><\/div>\n\n\n\n<hr class=\"wp-block-separator has-text-color has-black-color has-alpha-channel-opacity has-black-background-color has-background is-style-wide\"\/>\n\n\n\n<p class=\"has-text-align-center has-large-font-size\" style=\"font-style:normal;font-weight:500;letter-spacing:5px\"><strong>Marketing<\/strong><\/p>\n\n\n\n<div class=\"is-layout-constrained wp-block-group\"><div class=\"wp-block-group__inner-container\">\n<figure class=\"is-layout-flex wp-block-gallery-5 wp-block-gallery has-nested-images columns-default is-cropped\"><\/figure>\n<\/div><\/div>\n\n\n\n<figure class=\"is-layout-flex wp-block-gallery-8 wp-block-gallery has-nested-images columns-default is-cropped\">\n<figure class=\"wp-block-image size-large\"><img decoding=\"async\" loading=\"lazy\" width=\"768\" height=\"1024\" data-id=\"704\"  src=\"https:\/\/hotelanderrebe.tourismusschulen-retz.at\/wp-content\/uploads\/2025\/11\/ik-768x1024.jpeg\" alt=\"\" class=\"wp-image-704\" srcset=\"https:\/\/hotelanderrebe.tourismusschulen-retz.at\/wp-content\/uploads\/2025\/11\/ik-768x1024.jpeg 768w, https:\/\/hotelanderrebe.tourismusschulen-retz.at\/wp-content\/uploads\/2025\/11\/ik-225x300.jpeg 225w, https:\/\/hotelanderrebe.tourismusschulen-retz.at\/wp-content\/uploads\/2025\/11\/ik-1152x1536.jpeg 1152w, https:\/\/hotelanderrebe.tourismusschulen-retz.at\/wp-content\/uploads\/2025\/11\/ik-1536x2048.jpeg 1536w, https:\/\/hotelanderrebe.tourismusschulen-retz.at\/wp-content\/uploads\/2025\/11\/ik-scaled.jpeg 1920w\" sizes=\"(max-width: 767px) 89vw, (max-width: 1000px) 54vw, (max-width: 1071px) 543px, 580px\" \/><figcaption class=\"wp-element-caption\">Mathias Ramschak \/ Marketing-Leiter<\/figcaption><\/figure>\n<\/figure>\n\n\n\n<div class=\"is-layout-flex wp-container-10 wp-block-buttons\"><\/div>\n\n\n\n<hr class=\"wp-block-separator has-text-color has-black-color has-alpha-channel-opacity has-black-background-color has-background is-style-wide\"\/>\n\n\n\n<p class=\"has-text-align-center has-large-font-size\" style=\"font-style:normal;font-weight:500;letter-spacing:5px\">Personal<\/p>\n\n\n\n<figure class=\"is-layout-flex wp-block-gallery-11 wp-block-gallery has-nested-images columns-default is-cropped\">\n<figure class=\"wp-block-image size-large\"><img decoding=\"async\" loading=\"lazy\" width=\"768\" height=\"1024\" data-id=\"705\"  src=\"https:\/\/hotelanderrebe.tourismusschulen-retz.at\/wp-content\/uploads\/2025\/11\/bab-768x1024.jpeg\" alt=\"\" class=\"wp-image-705\" srcset=\"https:\/\/hotelanderrebe.tourismusschulen-retz.at\/wp-content\/uploads\/2025\/11\/bab-768x1024.jpeg 768w, https:\/\/hotelanderrebe.tourismusschulen-retz.at\/wp-content\/uploads\/2025\/11\/bab-225x300.jpeg 225w, https:\/\/hotelanderrebe.tourismusschulen-retz.at\/wp-content\/uploads\/2025\/11\/bab-1152x1536.jpeg 1152w, https:\/\/hotelanderrebe.tourismusschulen-retz.at\/wp-content\/uploads\/2025\/11\/bab-1536x2048.jpeg 1536w, https:\/\/hotelanderrebe.tourismusschulen-retz.at\/wp-content\/uploads\/2025\/11\/bab-scaled.jpeg 1920w\" sizes=\"(max-width: 767px) 89vw, (max-width: 1000px) 54vw, (max-width: 1071px) 543px, 580px\" \/><figcaption class=\"wp-element-caption\">Barbora Sachsov\u00e1 \/ Personal &#8211; Leiter<\/figcaption><\/figure>\n\n\n\n<figure class=\"wp-block-image size-large\"><img decoding=\"async\" loading=\"lazy\" width=\"768\" height=\"1024\" data-id=\"706\"  src=\"https:\/\/hotelanderrebe.tourismusschulen-retz.at\/wp-content\/uploads\/2025\/11\/Jul-768x1024.jpeg\" alt=\"\" class=\"wp-image-706\" srcset=\"https:\/\/hotelanderrebe.tourismusschulen-retz.at\/wp-content\/uploads\/2025\/11\/Jul-768x1024.jpeg 768w, https:\/\/hotelanderrebe.tourismusschulen-retz.at\/wp-content\/uploads\/2025\/11\/Jul-225x300.jpeg 225w, https:\/\/hotelanderrebe.tourismusschulen-retz.at\/wp-content\/uploads\/2025\/11\/Jul-1152x1536.jpeg 1152w, https:\/\/hotelanderrebe.tourismusschulen-retz.at\/wp-content\/uploads\/2025\/11\/Jul-1536x2048.jpeg 1536w, https:\/\/hotelanderrebe.tourismusschulen-retz.at\/wp-content\/uploads\/2025\/11\/Jul-scaled.jpeg 1920w\" sizes=\"(max-width: 767px) 89vw, (max-width: 1000px) 54vw, (max-width: 1071px) 543px, 580px\" \/><figcaption class=\"wp-element-caption\">Julia Schie\u00dfwohl \/ Personal &#8211; Mitarbeiter<\/figcaption><\/figure>\n<\/figure>\n\n\n\n<div class=\"is-layout-flex wp-container-13 wp-block-buttons\"><\/div>\n\n\n\n<hr class=\"wp-block-separator has-text-color has-black-color has-alpha-channel-opacity has-black-background-color has-background is-style-wide\"\/>\n\n\n\n<p class=\"has-text-align-center has-large-font-size\" style=\"font-style:normal;font-weight:500;letter-spacing:5px\"><strong>Verkauf<\/strong><\/p>\n\n\n\n<figure class=\"is-layout-flex wp-block-gallery-14 wp-block-gallery has-nested-images columns-default is-cropped\">\n<figure class=\"wp-block-image size-large\"><img decoding=\"async\" loading=\"lazy\" width=\"969\" height=\"1024\" data-id=\"707\"  src=\"https:\/\/hotelanderrebe.tourismusschulen-retz.at\/wp-content\/uploads\/2025\/11\/franz-969x1024.jpeg\" alt=\"\" class=\"wp-image-707\" srcset=\"https:\/\/hotelanderrebe.tourismusschulen-retz.at\/wp-content\/uploads\/2025\/11\/franz-969x1024.jpeg 969w, https:\/\/hotelanderrebe.tourismusschulen-retz.at\/wp-content\/uploads\/2025\/11\/franz-284x300.jpeg 284w, https:\/\/hotelanderrebe.tourismusschulen-retz.at\/wp-content\/uploads\/2025\/11\/franz-768x812.jpeg 768w, https:\/\/hotelanderrebe.tourismusschulen-retz.at\/wp-content\/uploads\/2025\/11\/franz-1453x1536.jpeg 1453w, https:\/\/hotelanderrebe.tourismusschulen-retz.at\/wp-content\/uploads\/2025\/11\/franz-1938x2048.jpeg 1938w\" sizes=\"(max-width: 767px) 89vw, (max-width: 1000px) 54vw, (max-width: 1071px) 543px, 580px\" \/><figcaption class=\"wp-element-caption\">Francesco Cerminara \/ Verkauf &#8211; Leiter<\/figcaption><\/figure>\n<\/figure>\n\n\n\n<div class=\"is-layout-flex wp-container-16 wp-block-buttons\"><\/div>\n\n\n\n<hr class=\"wp-block-separator has-text-color has-black-color has-alpha-channel-opacity has-black-background-color has-background is-style-wide\"\/>\n\n\n\n<p class=\"has-text-align-center has-large-font-size\" style=\"font-style:normal;font-weight:500;letter-spacing:5px\"><strong>Einkauf<\/strong><\/p>\n\n\n\n<figure class=\"is-layout-flex wp-block-gallery-17 wp-block-gallery has-nested-images columns-default is-cropped\">\n<figure class=\"wp-block-image size-large\"><img decoding=\"async\" loading=\"lazy\" width=\"768\" height=\"1024\" data-id=\"710\"  src=\"https:\/\/hotelanderrebe.tourismusschulen-retz.at\/wp-content\/uploads\/2025\/11\/vig-768x1024.jpeg\" alt=\"\" class=\"wp-image-710\" srcset=\"https:\/\/hotelanderrebe.tourismusschulen-retz.at\/wp-content\/uploads\/2025\/11\/vig-768x1024.jpeg 768w, https:\/\/hotelanderrebe.tourismusschulen-retz.at\/wp-content\/uploads\/2025\/11\/vig-225x300.jpeg 225w, https:\/\/hotelanderrebe.tourismusschulen-retz.at\/wp-content\/uploads\/2025\/11\/vig-1152x1536.jpeg 1152w, https:\/\/hotelanderrebe.tourismusschulen-retz.at\/wp-content\/uploads\/2025\/11\/vig-1536x2048.jpeg 1536w, https:\/\/hotelanderrebe.tourismusschulen-retz.at\/wp-content\/uploads\/2025\/11\/vig-scaled.jpeg 1920w\" sizes=\"(max-width: 767px) 89vw, (max-width: 1000px) 54vw, (max-width: 1071px) 543px, 580px\" \/><figcaption class=\"wp-element-caption\">Daniel Vigne \/ Einkauf &#8211; Leiter<\/figcaption><\/figure>\n<\/figure>\n\n\n\n<div class=\"is-layout-flex wp-container-19 wp-block-buttons\"><\/div>\n\n\n\n<hr class=\"wp-block-separator has-text-color has-black-color has-alpha-channel-opacity has-black-background-color has-background is-style-wide\"\/>\n\n\n\n<p class=\"has-text-align-center has-large-font-size\" style=\"font-style:normal;font-weight:500;letter-spacing:5px\"><strong>Rechnungswesen<\/strong><\/p>\n\n\n\n<figure class=\"is-layout-flex wp-block-gallery-20 wp-block-gallery has-nested-images columns-default is-cropped\">\n<figure class=\"wp-block-image size-large\"><img decoding=\"async\" loading=\"lazy\" width=\"768\" height=\"1024\" data-id=\"712\"  src=\"https:\/\/hotelanderrebe.tourismusschulen-retz.at\/wp-content\/uploads\/2025\/11\/Marek-768x1024.jpeg\" alt=\"\" class=\"wp-image-712\" srcset=\"https:\/\/hotelanderrebe.tourismusschulen-retz.at\/wp-content\/uploads\/2025\/11\/Marek-768x1024.jpeg 768w, https:\/\/hotelanderrebe.tourismusschulen-retz.at\/wp-content\/uploads\/2025\/11\/Marek-225x300.jpeg 225w, https:\/\/hotelanderrebe.tourismusschulen-retz.at\/wp-content\/uploads\/2025\/11\/Marek-1152x1536.jpeg 1152w, https:\/\/hotelanderrebe.tourismusschulen-retz.at\/wp-content\/uploads\/2025\/11\/Marek-1536x2048.jpeg 1536w, https:\/\/hotelanderrebe.tourismusschulen-retz.at\/wp-content\/uploads\/2025\/11\/Marek-scaled.jpeg 1920w\" sizes=\"(max-width: 767px) 89vw, (max-width: 1000px) 54vw, (max-width: 1071px) 543px, 580px\" \/><figcaption class=\"wp-element-caption\">Marek Fousek \/ Rechnungswesen-Mitarbeiter<\/figcaption><\/figure>\n\n\n\n<figure class=\"wp-block-image size-large\"><img decoding=\"async\" loading=\"lazy\" width=\"768\" height=\"1024\" data-id=\"713\"  src=\"https:\/\/hotelanderrebe.tourismusschulen-retz.at\/wp-content\/uploads\/2025\/11\/maty-768x1024.jpeg\" alt=\"\" class=\"wp-image-713\" srcset=\"https:\/\/hotelanderrebe.tourismusschulen-retz.at\/wp-content\/uploads\/2025\/11\/maty-768x1024.jpeg 768w, https:\/\/hotelanderrebe.tourismusschulen-retz.at\/wp-content\/uploads\/2025\/11\/maty-225x300.jpeg 225w, https:\/\/hotelanderrebe.tourismusschulen-retz.at\/wp-content\/uploads\/2025\/11\/maty-1152x1536.jpeg 1152w, https:\/\/hotelanderrebe.tourismusschulen-retz.at\/wp-content\/uploads\/2025\/11\/maty-1536x2048.jpeg 1536w, https:\/\/hotelanderrebe.tourismusschulen-retz.at\/wp-content\/uploads\/2025\/11\/maty-scaled.jpeg 1920w\" sizes=\"(max-width: 767px) 89vw, (max-width: 1000px) 54vw, (max-width: 1071px) 543px, 580px\" \/><figcaption class=\"wp-element-caption\">Matyas Surovcik \/ Rechnungswesen-Leiter<\/figcaption><\/figure>\n<\/figure>\n\n\n\n<div class=\"is-layout-flex wp-container-22 wp-block-buttons\"><\/div>\n\n\n\n<hr class=\"wp-block-separator has-text-color has-black-color has-alpha-channel-opacity has-black-background-color has-background is-style-wide\"\/>\n","protected":false},"excerpt":{"rendered":"<p>Unser Team der \u00dcbungsfirma Hotel &amp; Spa Elements! Marketing Personal Verkauf Einkauf Rechnungswesen<\/p>\n","protected":false},"author":2,"featured_media":0,"parent":0,"menu_order":0,"comment_status":"closed","ping_status":"closed","template":"","meta":[],"_links":{"self":[{"href":"https:\/\/hotelanderrebe.tourismusschulen-retz.at\/index.php?rest_route=\/wp\/v2\/pages\/479"}],"collection":[{"href":"https:\/\/hotelanderrebe.tourismusschulen-retz.at\/index.php?rest_route=\/wp\/v2\/pages"}],"about":[{"href":"https:\/\/hotelanderrebe.tourismusschulen-retz.at\/index.php?rest_route=\/wp\/v2\/types\/page"}],"author":[{"embeddable":true,"href":"https:\/\/hotelanderrebe.tourismusschulen-retz.at\/index.php?rest_route=\/wp\/v2\/users\/2"}],"replies":[{"embeddable":true,"href":"https:\/\/hotelanderrebe.tourismusschulen-retz.at\/index.php?rest_route=%2Fwp%2Fv2%2Fcomments&post=479"}],"version-history":[{"count":7,"href":"https:\/\/hotelanderrebe.tourismusschulen-retz.at\/index.php?rest_route=\/wp\/v2\/pages\/479\/revisions"}],"predecessor-version":[{"id":795,"href":"https:\/\/hotelanderrebe.tourismusschulen-retz.at\/index.php?rest_route=\/wp\/v2\/pages\/479\/revisions\/795"}],"wp:attachment":[{"href":"https:\/\/hotelanderrebe.tourismusschulen-retz.at\/index.php?rest_route=%2Fwp%2Fv2%2Fmedia&parent=479"}],"curies":[{"name":"wp","href":"https:\/\/api.w.org\/{rel}","templated":true}]}}